{"id":1186,"date":"2017-02-07T06:09:02","date_gmt":"2017-02-07T06:09:02","guid":{"rendered":"http:\/\/tommustester.wpengine.com\/?page_id=1186"},"modified":"2023-03-10T12:55:28","modified_gmt":"2023-03-10T15:55:28","slug":"about-company","status":"publish","type":"page","link":"https:\/\/agenpar.cl\/agp\/?page_id=1186","title":{"rendered":"Quienes Somos &#8211; Agenpar"},"content":{"rendered":"<p>[vc_row full_width=\u00bbstretch_row\u00bb][vc_column]\n\t\t\t<section class=\"imagebg parallax \" data-overlay=\"6\" >\n\t\t\t\t<div class=\"background-image-holder\"><img loading=\"lazy\" decoding=\"async\" width=\"1920\" height=\"879\" src=\"https:\/\/agenpar.cl\/agp\/wp-content\/uploads\/2023\/03\/slider_sosur_2.jpg\" class=\"attachment-full size-full\" alt=\"Acopio Trozos\" srcset=\"https:\/\/agenpar.cl\/agp\/wp-content\/uploads\/2023\/03\/slider_sosur_2.jpg 1920w, https:\/\/agenpar.cl\/agp\/wp-content\/uploads\/2023\/03\/slider_sosur_2-300x137.jpg 300w, https:\/\/agenpar.cl\/agp\/wp-content\/uploads\/2023\/03\/slider_sosur_2-1024x469.jpg 1024w, https:\/\/agenpar.cl\/agp\/wp-content\/uploads\/2023\/03\/slider_sosur_2-768x352.jpg 768w, https:\/\/agenpar.cl\/agp\/wp-content\/uploads\/2023\/03\/slider_sosur_2-1536x703.jpg 1536w\" sizes=\"(max-width: 1920px) 100vw, 1920px\" \/><\/div>\n\t\t\t\t<div class=\"container\">\n\t\t\t\t\t<div class=\"row\">\n\t\t\t\t\t\t<div class=\"col-sm-12\">\n\t\t\t\t\t\t\t<div class=\"cta\">\n\t\t\t\t\t\t\t\t[vc_empty_space height=\u00bb20px\u00bb][vc_column_text]<\/p>\n<h1 style=\"text-align: center;\">Somos <strong>Agenpar<\/strong><\/h1>\n<p class=\"lead\" style=\"text-align: center;\">El aliado perfecto para su cadena log\u00edstica<br \/>\nnacional e internacional con vasta experiencia en log\u00edstica portuaria.<\/p>\n<p>[\/vc_column_text][vc_empty_space height=\u00bb20px\u00bb]\n\t\t\t\t\t\t\t<\/div>\n\t\t\t\t\t\t<\/div>\n\t\t\t\t\t<\/div><!--end of row-->\n\t\t\t\t<\/div><!--end of container-->\n\t\t\t\t\n\t\t\t<\/section>\n\t\t[\/vc_column][\/vc_row][vc_section][vc_row][vc_column width=\u00bb1\/6&#8243;][\/vc_column][vc_column width=\u00bb2\/3&#8243;][vc_column_text]<\/p>\n<h2 style=\"text-align: center;\">Consolidando confianza desde 2007<\/h2>\n<p class=\"lead\" style=\"text-align: center;\">Nuestra empresa nace el a\u00f1o 2007 en Talcahuano, fundada por el Sr. Rivo Parraguez Roa, bajo la necesitad de dar soluci\u00f3n a problemas log\u00edsticos de grandes empresas cuyas cadenas productivas no se lo permit\u00edan. Nos especializamos en ofrecer servicios y diversas soluciones para distintos procesos log\u00edsticos.<\/p>\n<p>[\/vc_column_text][\/vc_column][vc_column width=\u00bb1\/6&#8243;][\/vc_column][\/vc_row][\/vc_section][vc_section el_class=\u00bbbg&#8211;secondary\u00bb][vc_row][vc_column width=\u00bb1\/6&#8243;][\/vc_column][vc_column width=\u00bb2\/3&#8243;][vc_column_text]<\/p>\n<h2 style=\"text-align: center;\">Nuestra motivaci\u00f3n<\/h2>\n<p class=\"lead\" style=\"text-align: center;\">Si no ha encontrado una soluci\u00f3n eficiente a sus procesos log\u00edsticos, en Agenpar encontrar\u00e1 un selecto grupo de expertos en log\u00edstica portuaria que lo ayudar\u00e1n paso a paso a resolver sus dificultades, siempre velando por la eficacia y eficiencia de cada soluci\u00f3n.<\/p>\n<p>[\/vc_column_text][\/vc_column][vc_column width=\u00bb1\/6&#8243;][\/vc_column][\/vc_row][vc_row css=\u00bb.vc_custom_1486488887432{padding-top: 60px !important;}\u00bb][vc_column width=\u00bb1\/6&#8243;][\/vc_column][vc_column width=\u00bb1\/3&#8243;][vc_column_text]<\/p>\n<h4 style=\"text-align: center;\">Misi\u00f3n<\/h4>\n<p>Poner a disposici\u00f3n de nuestros clientes todos los recursos necesarios para resolver su cadena log\u00edstica nacional e internacional, desde el transporte, almacenaje, gesti\u00f3n, administraci\u00f3n y todas las operaciones que suponen, proporcionando siempre a nuestros colaboradores un ambiente de trabajo seguro.[\/vc_column_text][\/vc_column][vc_column width=\u00bb1\/3&#8243;][vc_column_text]<\/p>\n<h4 style=\"text-align: center;\">Visi\u00f3n<\/h4>\n<p style=\"text-align: right;\">Posicionarnos a nivel regional como una empresa l\u00edder en el sector ofreciendo servicios de excelencia y oportunos mediante la implementaci\u00f3n de un modelo de gesti\u00f3n de calidad \u00e1gil y eficiente que permita optimizar nuestras actividades log\u00edsticas, de la mano de la continua integraci\u00f3n de nuevas tecnolog\u00edas.<\/p>\n<p>[\/vc_column_text][\/vc_column][vc_column width=\u00bb1\/6&#8243;][\/vc_column][\/vc_row][\/vc_section][vc_section][vc_row][vc_column width=\u00bb1\/6&#8243;][\/vc_column][vc_column width=\u00bb2\/3&#8243;][vc_column_text]<\/p>\n<h2 style=\"text-align: center;\">Lo que hacemos<\/h2>\n<p>[\/vc_column_text][\/vc_column][vc_column width=\u00bb1\/6&#8243;][\/vc_column][\/vc_row][vc_row css=\u00bb.vc_custom_1486488887432{padding-top: 60px !important;}\u00bb][vc_column width=\u00bb1\/6&#8243;][\/vc_column][vc_column width=\u00bb1\/3&#8243;][vc_column_text]<\/p>\n<h4 style=\"text-align: center;\">Supply Chain<\/h4>\n<ul>\n<li>Consolidado y desconsolidado de Carga<\/li>\n<li>Arriendo y\/o administraci\u00f3n de Bodegas<\/li>\n<li>Soluciones log\u00edsticas<\/li>\n<li>Maquinarias<\/li>\n<li>Transporte y manipulaci\u00f3n de Containers<\/li>\n<li>Administraci\u00f3n Dep\u00f3sito de Containers<\/li>\n<li>Soluciones inform\u00e1ticas y gesti\u00f3n de datos<\/li>\n<li>Control y log\u00edstica de embarques Break Bulk<\/li>\n<\/ul>\n<p>[\/vc_column_text][\/vc_column][vc_column width=\u00bb1\/3&#8243;][vc_column_text]<\/p>\n<h4 style=\"text-align: center;\">Terminal Extraportuario<\/h4>\n<ul>\n<li>Consolidado y desconsolidado de Carga<\/li>\n<li>Centro de Distribuci\u00f3n<\/li>\n<li>Maquinarias<\/li>\n<li>Inspecciones Fitosanitarias SAG<\/li>\n<li>Gesti\u00f3n Aduanera<\/li>\n<li>Gesti\u00f3n Portuaria<\/li>\n<li>Gesti\u00f3n SAG<\/li>\n<li>Transporte y manipulaci\u00f3n de Containers<\/li>\n<\/ul>\n<p>[\/vc_column_text][\/vc_column][vc_column width=\u00bb1\/6&#8243;][\/vc_column][\/vc_row][\/vc_section][vc_section el_class=\u00bbbg&#8211;secondary\u00bb][vc_row css=\u00bb.vc_custom_1486488972862{padding-top: 60px !important;}\u00bb][vc_column width=\u00bb1\/4&#8243;][\/vc_column][vc_column width=\u00bb1\/2&#8243;][vc_column_text]<\/p>\n<h2 style=\"text-align: center;\">Siempre estamos buscando nuevos talentos<\/h2>\n<p class=\"lead\" style=\"text-align: center;\">\u00bfCrees que puedes aportar a nuestro equipo? Genial! Env\u00edanos tu CV para incluirte en nuestro bolet\u00edn de trabajo.<\/p>\n<p style=\"text-align: center;\"><a class=\"btn btn--primary type--uppercase\" href=\"mailto:contacto@agenpar.cl\">TRABAJA CON NOSOTROS<\/a><\/p>\n<p>[\/vc_column_text][\/vc_column][vc_column width=\u00bb1\/4&#8243;][\/vc_column][\/vc_row][\/vc_section]<\/p>\n","protected":false},"excerpt":{"rendered":"<p>[vc_row full_width=\u00bbstretch_row\u00bb][vc_column][\/vc_column][\/vc_row][vc_section][vc_row][vc_column width=\u00bb1\/6&#8243;][\/vc_column][vc_column width=\u00bb2\/3&#8243;][vc_column_text] Consolidando confianza desde 2007 Nuestra empresa nace el a\u00f1o 2007 en Talcahuano, fundada por el Sr. Rivo Parraguez&#8230;<\/p>\n","protected":false},"author":1,"featured_media":0,"parent":0,"menu_order":0,"comment_status":"closed","ping_status":"closed","template":"","meta":{"footnotes":""},"jetpack_sharing_enabled":true,"_links":{"self":[{"href":"https:\/\/agenpar.cl\/agp\/index.php?rest_route=\/wp\/v2\/pages\/1186"}],"collection":[{"href":"https:\/\/agenpar.cl\/agp\/index.php?rest_route=\/wp\/v2\/pages"}],"about":[{"href":"https:\/\/agenpar.cl\/agp\/index.php?rest_route=\/wp\/v2\/types\/page"}],"author":[{"embeddable":true,"href":"https:\/\/agenpar.cl\/agp\/index.php?rest_route=\/wp\/v2\/users\/1"}],"replies":[{"embeddable":true,"href":"https:\/\/agenpar.cl\/agp\/index.php?rest_route=%2Fwp%2Fv2%2Fcomments&post=1186"}],"version-history":[{"count":9,"href":"https:\/\/agenpar.cl\/agp\/index.php?rest_route=\/wp\/v2\/pages\/1186\/revisions"}],"predecessor-version":[{"id":2835,"href":"https:\/\/agenpar.cl\/agp\/index.php?rest_route=\/wp\/v2\/pages\/1186\/revisions\/2835"}],"wp:attachment":[{"href":"https:\/\/agenpar.cl\/agp\/index.php?rest_route=%2Fwp%2Fv2%2Fmedia&parent=1186"}],"curies":[{"name":"wp","href":"https:\/\/api.w.org\/{rel}","templated":true}]}}